{"id":2,"date":"2023-12-18T13:14:52","date_gmt":"2023-12-18T13:14:52","guid":{"rendered":"https:\/\/vietnameseparalegal.com\/?page_id=2"},"modified":"2024-10-01T23:48:04","modified_gmt":"2024-10-01T23:48:04","slug":"sample-page","status":"publish","type":"page","link":"https:\/\/vietnameseparalegal.com\/","title":{"rendered":"Home"},"content":{"rendered":"<h2 dir=\"ltr\" data-placeholder=\"Translation\" aria-label=\"Translated text\" data-ved=\"2ahUKEwiW3bzqjcOIAxWfw_ACHfavAuUQ3ewLegQIBxAU\">Nhi Tran &#8211; 669-350-4954<\/h2>\n<p><img loading=\"lazy\" decoding=\"async\" class=\"alignnone size-full wp-image-13\" src=\"https:\/\/vietnameseparalegal.com\/wp-content\/uploads\/2024\/09\/Smaller.jpg\" alt=\"\" width=\"548\" height=\"354\" srcset=\"https:\/\/vietnameseparalegal.com\/wp-content\/uploads\/2024\/09\/Smaller.jpg 548w, https:\/\/vietnameseparalegal.com\/wp-content\/uploads\/2024\/09\/Smaller-300x194.jpg 300w\" sizes=\"auto, (max-width: 548px) 100vw, 548px\" \/><\/p>\n<p><span class=\"Y2IQFc\" lang=\"vi\">D\u1ecbch v\u1ee5 c\u00e1 nh\u00e2n t\u1ea1i San Jose.\u00a0 D\u1ecbch v\u1ee5 t\u1eeb xa tr\u00ean kh\u1eafp California.<\/span><\/p>\n<h3><strong>Yes, we also speak English!<\/strong><\/h3>\n<h2 id=\"tw-target-text\" class=\"tw-data-text tw-text-large tw-ta\" dir=\"ltr\" data-placeholder=\"Translation\" aria-label=\"Translated text\" data-ved=\"2ahUKEwiW3bzqjcOIAxWfw_ACHfavAuUQ3ewLegQIBxAU\"><span class=\"Y2IQFc\" lang=\"vi\">Tr\u1ee5c xu\u1ea5t &amp; giam gi\u1eef b\u1ea5t h\u1ee3p ph\u00e1p<\/span><\/h2>\n<section class=\"elementor-section elementor-top-section elementor-element elementor-element-8454cd8 elementor-section-stretched elementor-section-boxed elementor-section-height-default elementor-section-height-default animated fadeInLeft\" data-id=\"8454cd8\" data-element_type=\"section\" data-settings=\"{&quot;stretch_section&quot;:&quot;section-stretched&quot;,&quot;animation&quot;:&quot;fadeInLeft&quot;}\">\n<div class=\"elementor-container elementor-column-gap-default\">\n<div class=\"elementor-column elementor-col-50 elementor-top-column elementor-element elementor-element-a82873f animated fadeInLeft\" data-id=\"a82873f\" data-element_type=\"column\" data-settings=\"{&quot;animation&quot;:&quot;fadeInLeft&quot;}\">\n<div class=\"elementor-widget-wrap elementor-element-populated\">\n<div class=\"elementor-element elementor-element-5338fcc elementor-widget elementor-widget-text-editor\" data-id=\"5338fcc\" data-element_type=\"widget\" data-widget_type=\"text-editor.default\">\n<div class=\"elementor-widget-container\">\n<ul>\n<li>Th\u00f4ng b\u00e1o \u2013 Th\u00f4ng b\u00e1o 3, 15, 30 ho\u1eb7c 60 ng\u00e0y<\/li>\n<li>Tr\u1ee5c xu\u1ea5t\/T\u1ea1m gi\u1eef b\u1ea5t h\u1ee3p ph\u00e1p \u2013 Ch\u1ec9 d\u00e0nh cho Khu d\u00e2n c\u01b0, Th\u01b0\u01a1ng m\u1ea1i, S\u1edf h\u1eefu<\/li>\n<li>L\u1ec7nh thi h\u00e0nh \u00e1n<\/li>\n<\/ul>\n<\/div>\n<\/div>\n<\/div>\n<\/div>\n<\/div>\n<\/section>\n<h2 class=\"elementor-heading-title elementor-size-default\">V\u1ea5n \u0111\u1ec1 ly h\u00f4n &amp; lu\u1eadt gia \u0111\u00ecnh<\/h2>\n<div class=\"elementor-element elementor-element-5991658 elementor-widget elementor-widget-text-editor\" data-id=\"5991658\" data-element_type=\"widget\" data-widget_type=\"text-editor.default\">\n<div class=\"elementor-widget-container\">\n<ul>\n<li id=\"tw-target-text\" class=\"tw-data-text tw-text-large tw-ta\" dir=\"ltr\" data-placeholder=\"Translation\" aria-label=\"Translated text\" data-ved=\"2ahUKEwiW3bzqjcOIAxWfw_ACHfavAuUQ3ewLegQIBxAU\"><span class=\"Y2IQFc\" lang=\"vi\">Ly h\u00f4n \u2013 L\u1ec7nh tri\u1ec7u t\u1eadp, \u0110\u01a1n th\u1ec9nh nguy\u1ec7n, Y\u00eau c\u1ea7u V\u1eafng m\u1eb7t v\u00e0 Mi\u1ec5n l\u1ec7 ph\u00ed.<br \/>\n<\/span><\/li>\n<li class=\"tw-data-text tw-text-large tw-ta\" dir=\"ltr\" data-placeholder=\"Translation\" aria-label=\"Translated text\" data-ved=\"2ahUKEwiW3bzqjcOIAxWfw_ACHfavAuUQ3ewLegQIBxAU\"><span class=\"Y2IQFc\" lang=\"vi\">Ph\u1ea3n h\u1ed3i v\u1ec1 vi\u1ec7c ly h\u00f4n \u2013 Ph\u1ea3n h\u1ed3i, Mi\u1ec5n l\u1ec7 ph\u00ed.\u00a0 Bao g\u1ed3m vi\u1ec7c ti\u1ebft l\u1ed9 t\u1edd khai ng\u1eafn. <\/span><\/li>\n<li class=\"tw-data-text tw-text-large tw-ta\" dir=\"ltr\" data-placeholder=\"Translation\" aria-label=\"Translated text\" data-ved=\"2ahUKEwiW3bzqjcOIAxWfw_ACHfavAuUQ3ewLegQIBxAU\"><span class=\"Y2IQFc\" lang=\"vi\">S\u1eeda \u0111\u1ed5i ly h\u00f4n <\/span><\/li>\n<li class=\"tw-data-text tw-text-large tw-ta\" dir=\"ltr\" data-placeholder=\"Translation\" aria-label=\"Translated text\" data-ved=\"2ahUKEwiW3bzqjcOIAxWfw_ACHfavAuUQ3ewLegQIBxAU\"><span class=\"Y2IQFc\" lang=\"vi\">B\u1ea3n ghi nh\u1edb khi ph\u00e1t h\u00e0nh <\/span><\/li>\n<li class=\"tw-data-text tw-text-large tw-ta\" dir=\"ltr\" data-placeholder=\"Translation\" aria-label=\"Translated text\" data-ved=\"2ahUKEwiW3bzqjcOIAxWfw_ACHfavAuUQ3ewLegQIBxAU\"><span class=\"Y2IQFc\" lang=\"vi\">\u0110\u01a1n xin thi\u1ebft l\u1eadp m\u1ed1i quan h\u1ec7 cha m\u1eb9 <\/span><\/li>\n<li class=\"tw-data-text tw-text-large tw-ta\" dir=\"ltr\" data-placeholder=\"Translation\" aria-label=\"Translated text\" data-ved=\"2ahUKEwiW3bzqjcOIAxWfw_ACHfavAuUQ3ewLegQIBxAU\"><span class=\"Y2IQFc\" lang=\"vi\">\u0110\u01a1n y\u00eau c\u1ea7u ch\u1ea5m d\u1ee9t quy\u1ec1n c\u1ee7a ph\u1ee5 huynh <\/span><\/li>\n<li class=\"tw-data-text tw-text-large tw-ta\" dir=\"ltr\" data-placeholder=\"Translation\" aria-label=\"Translated text\" data-ved=\"2ahUKEwiW3bzqjcOIAxWfw_ACHfavAuUQ3ewLegQIBxAU\"><span class=\"Y2IQFc\" lang=\"vi\">L\u1ec7nh C\u1ea5m B\u1ea1o H\u00e0nh Gia \u0110\u00ecnh \u2013 Lu\u00f4n chu\u1ea9n b\u1ecb nh\u01b0 m\u1ed9t vi\u1ec7c g\u1ea5p r\u00fat <\/span><\/li>\n<li class=\"tw-data-text tw-text-large tw-ta\" dir=\"ltr\" data-placeholder=\"Translation\" aria-label=\"Translated text\" data-ved=\"2ahUKEwiW3bzqjcOIAxWfw_ACHfavAuUQ3ewLegQIBxAU\"><span class=\"Y2IQFc\" lang=\"vi\">Y\u00eau c\u1ea7u \u0111\u1eb7t h\u00e0ng Ex Parte \u2013 Lu\u00f4n chu\u1ea9n b\u1ecb nh\u01b0 m\u1ed9t c\u00f4ng vi\u1ec7c g\u1ea5p r\u00fat <\/span><\/li>\n<li class=\"tw-data-text tw-text-large tw-ta\" dir=\"ltr\" data-placeholder=\"Translation\" aria-label=\"Translated text\" data-ved=\"2ahUKEwiW3bzqjcOIAxWfw_ACHfavAuUQ3ewLegQIBxAU\"><span class=\"Y2IQFc\" lang=\"vi\">Y\u00eau c\u1ea7u c\u1ea5p d\u01b0\u1ee1ng v\u1ee3\/ch\u1ed3ng, c\u1ea5p d\u01b0\u1ee1ng con c\u00e1i ho\u1eb7c l\u1ec7nh kh\u00e1c <\/span><\/li>\n<li class=\"tw-data-text tw-text-large tw-ta\" dir=\"ltr\" data-placeholder=\"Translation\" aria-label=\"Translated text\" data-ved=\"2ahUKEwiW3bzqjcOIAxWfw_ACHfavAuUQ3ewLegQIBxAU\"><span class=\"Y2IQFc\" lang=\"vi\">Y\u00eau c\u1ea7u \u0111\u1eb7t h\u00e0ng b\u1ed5 sung <\/span><\/li>\n<li class=\"tw-data-text tw-text-large tw-ta\" dir=\"ltr\" data-placeholder=\"Translation\" aria-label=\"Translated text\" data-ved=\"2ahUKEwiW3bzqjcOIAxWfw_ACHfavAuUQ3ewLegQIBxAU\"><span class=\"Y2IQFc\" lang=\"vi\">Nh\u1eefng l\u1eddi b\u00e0o ch\u1eefa kh\u00e1c v\u1ec1 lu\u1eadt gia \u0111\u00ecnh<\/span><\/li>\n<\/ul>\n<\/div>\n<\/div>\n<div class=\"elementor-column elementor-col-50 elementor-top-column elementor-element elementor-element-493f58e\" data-id=\"493f58e\" data-element_type=\"column\">\n<div class=\"elementor-widget-wrap\"><u style=\"color: var(--go-h2--color--text,var(--go-heading--color--text)); font-family: var(--go-heading--font-family); font-size: var(--go--type-scale-5); font-style: var(--go-heading--font-style,normal); font-weight: var(--go-heading--font-weight); letter-spacing: var(--go-heading--letter-spacing,normal);\">Quy\u1ec1n c\u1ee7a \u00d4ng B\u00e0<\/u><\/div>\n<\/div>\n<section class=\"elementor-section elementor-top-section elementor-element elementor-element-d564c3c elementor-section-stretched elementor-section-boxed elementor-section-height-default elementor-section-height-default animated fadeInLeft\" data-id=\"d564c3c\" data-element_type=\"section\" data-settings=\"{&quot;stretch_section&quot;:&quot;section-stretched&quot;,&quot;animation&quot;:&quot;fadeInLeft&quot;}\">\n<div class=\"elementor-container elementor-column-gap-default\">\n<div class=\"elementor-column elementor-col-50 elementor-top-column elementor-element elementor-element-a15e8fe animated fadeInLeft\" data-id=\"a15e8fe\" data-element_type=\"column\" data-settings=\"{&quot;animation&quot;:&quot;fadeInLeft&quot;}\">\n<div class=\"elementor-widget-wrap elementor-element-populated\">\n<div class=\"elementor-element elementor-element-f24b334 elementor-widget elementor-widget-text-editor\" data-id=\"f24b334\" data-element_type=\"widget\" data-widget_type=\"text-editor.default\">\n<div class=\"elementor-widget-container\">\n<ul>\n<li>\u0110\u01a1n xin x\u00e1c l\u1eadp quy\u1ec1n \u00f4ng b\u00e0<\/li>\n<li>Ph\u1ea3n \u0111\u1ed1i<\/li>\n<\/ul>\n<\/div>\n<\/div>\n<\/div>\n<\/div>\n<\/div>\n<\/section>\n<section class=\"elementor-section elementor-top-section elementor-element elementor-element-31c220f elementor-section-stretched elementor-section-boxed elementor-section-height-default elementor-section-height-default animated fadeInLeft\" data-id=\"31c220f\" data-element_type=\"section\" data-settings=\"{&quot;stretch_section&quot;:&quot;section-stretched&quot;,&quot;animation&quot;:&quot;fadeInLeft&quot;}\">\n<div class=\"elementor-container elementor-column-gap-default\">\n<div class=\"elementor-column elementor-col-50 elementor-top-column elementor-element elementor-element-249578f animated fadeInLeft\" data-id=\"249578f\" data-element_type=\"column\" data-settings=\"{&quot;animation&quot;:&quot;fadeInLeft&quot;}\">\n<div class=\"elementor-widget-wrap elementor-element-populated\">\n<div class=\"elementor-element elementor-element-143133d elementor-widget elementor-widget-text-editor\" data-id=\"143133d\" data-element_type=\"widget\" data-widget_type=\"text-editor.default\">\n<div class=\"elementor-widget-container\"><\/div>\n<\/div>\n<\/div>\n<\/div>\n<div class=\"elementor-column elementor-col-50 elementor-top-column elementor-element elementor-element-d8ebf6a\" data-id=\"d8ebf6a\" data-element_type=\"column\">\n<div class=\"elementor-widget-wrap\"><u style=\"color: var(--go-h2--color--text,var(--go-heading--color--text)); font-family: var(--go-heading--font-family); font-size: var(--go--type-scale-5); font-style: var(--go-heading--font-style,normal); font-weight: var(--go-heading--font-weight); letter-spacing: var(--go-heading--letter-spacing,normal);\">C\u00e1c v\u1ea5n \u0111\u1ec1 d\u00e2n s\u1ef1 kh\u00e1c<\/u><\/div>\n<\/div>\n<\/div>\n<\/section>\n<section data-id=\"7c6bafd\" data-element_type=\"section\" data-settings=\"{&quot;stretch_section&quot;:&quot;section-stretched&quot;,&quot;animation&quot;:&quot;fadeInLeft&quot;}\">\n<div>\n<div data-id=\"894e930\" data-element_type=\"column\" data-settings=\"{&quot;animation&quot;:&quot;fadeInLeft&quot;}\">\n<div>\n<div data-id=\"67ae503\" data-element_type=\"widget\" data-widget_type=\"text-editor.default\">\n<div>\n<ul>\n<li>G\u00f3i K\u1ebf ho\u1ea1ch \u2013 Gi\u1ea5y \u1ee7y quy\u1ec1n,<\/li>\n<li>Ch\u1ec9 th\u1ecb ch\u0103m s\u00f3c s\u1ee9c kh\u1ecfe n\u00e2ng cao,<\/li>\n<li>Di ch\u00fac theo lu\u1eadt \u0111\u1ecbnh<\/li>\n<li>L\u1ec7nh c\u1ea5m d\u00e2n s\u1ef1<\/li>\n<li>Tri\u1ec7u t\u1eadp v\u00e0 Khi\u1ebfu n\u1ea1i \u2013 Limited Civil<\/li>\n<li>Thay \u0111\u1ed5i t\u00ean<\/li>\n<li>Nh\u1eefng l\u1eddi bi\u1ec7n h\u1ed9 d\u00e2n s\u1ef1 kh\u00e1c, c\u00e2u tr\u1ea3 l\u1eddi cho vi\u1ec7c kh\u00e1m ph\u00e1, v.v.<\/li>\n<\/ul>\n<\/div>\n<\/div>\n<\/div>\n<\/div>\n<\/div>\n<\/section>\n","protected":false},"excerpt":{"rendered":"<p>Nhi Tran &#8211; 669-350-4954 D\u1ecbch v\u1ee5 c\u00e1 nh\u00e2n t\u1ea1i San Jose.\u00a0 D\u1ecbch v\u1ee5 t\u1eeb xa tr\u00ean kh\u1eafp California. Yes, we also speak English! Tr\u1ee5c xu\u1ea5t &amp; giam gi\u1eef b\u1ea5t h\u1ee3p ph\u00e1p Th\u00f4ng b\u00e1o \u2013 Th\u00f4ng b\u00e1o 3, 15, 30 ho\u1eb7c 60 ng\u00e0y Tr\u1ee5c xu\u1ea5t\/T\u1ea1m gi\u1eef b\u1ea5t h\u1ee3p ph\u00e1p \u2013 Ch\u1ec9 d\u00e0nh cho Khu d\u00e2n c\u01b0, [&hellip;]<\/p>\n","protected":false},"author":1,"featured_media":0,"parent":0,"menu_order":0,"comment_status":"closed","ping_status":"closed","template":"","meta":{"hide_page_title":"","footnotes":""},"class_list":["post-2","page","type-page","status-publish","hentry"],"_links":{"self":[{"href":"https:\/\/vietnameseparalegal.com\/index.php?rest_route=\/wp\/v2\/pages\/2","targetHints":{"allow":["GET"]}}],"collection":[{"href":"https:\/\/vietnameseparalegal.com\/index.php?rest_route=\/wp\/v2\/pages"}],"about":[{"href":"https:\/\/vietnameseparalegal.com\/index.php?rest_route=\/wp\/v2\/types\/page"}],"author":[{"embeddable":true,"href":"https:\/\/vietnameseparalegal.com\/index.php?rest_route=\/wp\/v2\/users\/1"}],"replies":[{"embeddable":true,"href":"https:\/\/vietnameseparalegal.com\/index.php?rest_route=%2Fwp%2Fv2%2Fcomments&post=2"}],"version-history":[{"count":10,"href":"https:\/\/vietnameseparalegal.com\/index.php?rest_route=\/wp\/v2\/pages\/2\/revisions"}],"predecessor-version":[{"id":28,"href":"https:\/\/vietnameseparalegal.com\/index.php?rest_route=\/wp\/v2\/pages\/2\/revisions\/28"}],"wp:attachment":[{"href":"https:\/\/vietnameseparalegal.com\/index.php?rest_route=%2Fwp%2Fv2%2Fmedia&parent=2"}],"curies":[{"name":"wp","href":"https:\/\/api.w.org\/{rel}","templated":true}]}}